{"id":128,"date":"2025-02-24T22:41:56","date_gmt":"2025-02-24T22:41:56","guid":{"rendered":"https:\/\/kontrolproductions.vabyalevillegas.com\/?page_id=128"},"modified":"2026-02-15T01:49:52","modified_gmt":"2026-02-15T01:49:52","slug":"formats","status":"publish","type":"page","link":"https:\/\/kontrolproductions.com\/?page_id=128","title":{"rendered":"Formats"},"content":{"rendered":"\t\t<div data-elementor-type=\"wp-page\" data-elementor-id=\"128\" class=\"elementor elementor-128\" data-elementor-post-type=\"page\">\n\t\t\t\t<div class=\"elementor-element elementor-element-d54a345 e-flex e-con-boxed e-con e-parent\" data-id=\"d54a345\" data-element_type=\"container\">\n\t\t\t\t\t<div class=\"e-con-inner\">\n\t\t\t\t\t<\/div>\n\t\t\t\t<\/div>\n\t\t<div class=\"elementor-element elementor-element-b1d0657 e-flex e-con-boxed e-con e-parent\" data-id=\"b1d0657\" data-element_type=\"container\">\n\t\t\t\t\t<div class=\"e-con-inner\">\n\t\t\t\t\t<\/div>\n\t\t\t\t<\/div>\n\t\t<div class=\"elementor-element elementor-element-cd3ccd7 e-flex e-con-boxed e-con e-parent\" data-id=\"cd3ccd7\" data-element_type=\"container\">\n\t\t\t\t\t<div class=\"e-con-inner\">\n\t\t\t\t<div class=\"elementor-element elementor-element-7a45774 elementor-widget elementor-widget-heading\" data-id=\"7a45774\" data-element_type=\"widget\" data-widget_type=\"heading.default\">\n\t\t\t\t<div class=\"elementor-widget-container\">\n\t\t\t\t\t<h3 class=\"elementor-heading-title elementor-size-default\">FORMATS<\/h3>\t\t\t\t<\/div>\n\t\t\t\t<\/div>\n\t\t\t\t\t<\/div>\n\t\t\t\t<\/div>\n\t\t<div class=\"elementor-element elementor-element-51371b4 e-flex e-con-boxed e-con e-parent\" data-id=\"51371b4\" data-element_type=\"container\">\n\t\t\t\t\t<div class=\"e-con-inner\">\n\t\t<div class=\"elementor-element elementor-element-61904eb e-con-full e-flex e-con e-child\" data-id=\"61904eb\" data-element_type=\"container\">\n\t\t\t\t<\/div>\n\t\t<div class=\"elementor-element elementor-element-930d9ef e-con-full e-flex e-con e-child\" data-id=\"930d9ef\" data-element_type=\"container\">\n\t\t\t\t<div class=\"elementor-element elementor-element-69e08fe elementor-widget elementor-widget-image\" data-id=\"69e08fe\" data-element_type=\"widget\" data-widget_type=\"image.default\">\n\t\t\t\t<div class=\"elementor-widget-container\">\n\t\t\t\t\t\t\t\t\t\t\t\t\t\t\t<img decoding=\"async\" src=\"https:\/\/kontrolproductions.com\/wp-content\/uploads\/elementor\/thumbs\/Mujeres-Podcast-2-rj63s9lztlqdyfvrkeb5wai03ssh9eo7p4mv7r8k8o.png\" title=\"Mujeres Podcast 2\" alt=\"Mujeres Podcast 2\" loading=\"lazy\" \/>\t\t\t\t\t\t\t\t\t\t\t\t\t\t\t<\/div>\n\t\t\t\t<\/div>\n\t\t<div class=\"elementor-element elementor-element-745996e e-con-full e-flex e-con e-child\" data-id=\"745996e\" data-element_type=\"container\">\n\t\t\t\t<div class=\"elementor-element elementor-element-0f75576 elementor-widget elementor-widget-heading\" data-id=\"0f75576\" data-element_type=\"widget\" data-widget_type=\"heading.default\">\n\t\t\t\t<div class=\"elementor-widget-container\">\n\t\t\t\t\t<h2 class=\"elementor-heading-title elementor-size-default\">Mujeres Podcast<\/h2>\t\t\t\t<\/div>\n\t\t\t\t<\/div>\n\t\t\t\t<div class=\"elementor-element elementor-element-a4ef89b elementor-widget elementor-widget-text-editor\" data-id=\"a4ef89b\" data-element_type=\"widget\" data-widget_type=\"text-editor.default\">\n\t\t\t\t<div class=\"elementor-widget-container\">\n\t\t\t\t\t\t\t\t\t<p>Three friends, endless laughs, and real talk\u2014that\u2019s the vibe of this podcast. Every episode, a woman guest brings a problem she can\u2019t figure out. The hosts dive in with honest advice, teasing, and bold opinions. It\u2019s like a girls\u2019 night in, where doubts get aired and stories get shared. A podcast about friendship, truth, and helping each other figure life out\u2014together. Hosted by three amazing women, Adriana Navarro, Karla Gomez and Marger.<\/p>\t\t\t\t\t\t\t\t<\/div>\n\t\t\t\t<\/div>\n\t\t\t\t<\/div>\n\t\t\t\t<\/div>\n\t\t<div class=\"elementor-element elementor-element-eff36e9 e-con-full e-flex e-con e-child\" data-id=\"eff36e9\" data-element_type=\"container\">\n\t\t<div class=\"elementor-element elementor-element-3365ffd e-con-full e-flex e-con e-child\" data-id=\"3365ffd\" data-element_type=\"container\">\n\t\t\t\t<div class=\"elementor-element elementor-element-34dfce1 elementor-widget elementor-widget-video\" data-id=\"34dfce1\" data-element_type=\"widget\" data-settings=\"{&quot;youtube_url&quot;:&quot;https:\\\/\\\/youtu.be\\\/E4fwzvIwes0&quot;,&quot;show_image_overlay&quot;:&quot;yes&quot;,&quot;image_overlay&quot;:{&quot;url&quot;:&quot;https:\\\/\\\/kontrolproductions.com\\\/wp-content\\\/uploads\\\/2025\\\/09\\\/Screenshot-2025-09-28-at-1.47.46\\u202fPM.png&quot;,&quot;id&quot;:1653,&quot;size&quot;:&quot;&quot;,&quot;alt&quot;:&quot;&quot;,&quot;source&quot;:&quot;library&quot;},&quot;video_type&quot;:&quot;youtube&quot;,&quot;controls&quot;:&quot;yes&quot;}\" data-widget_type=\"video.default\">\n\t\t\t\t<div class=\"elementor-widget-container\">\n\t\t\t\t\t\t\t<div class=\"elementor-wrapper elementor-open-inline\">\n\t\t\t<div class=\"elementor-video\"><\/div>\t\t\t\t<div class=\"elementor-custom-embed-image-overlay\" style=\"background-image: url(https:\/\/kontrolproductions.com\/wp-content\/uploads\/2025\/09\/Screenshot-2025-09-28-at-1.47.46\u202fPM.png);\">\n\t\t\t\t\t\t\t\t\t\t\t\t\t\t\t\t<div class=\"elementor-custom-embed-play\" role=\"button\" aria-label=\"Play Video\" tabindex=\"0\">\n\t\t\t\t\t\t\t<svg aria-hidden=\"true\" class=\"e-font-icon-svg e-eicon-play\" viewBox=\"0 0 1000 1000\" xmlns=\"http:\/\/www.w3.org\/2000\/svg\"><path d=\"M838 162C746 71 633 25 500 25 371 25 258 71 163 162 71 254 25 367 25 500 25 633 71 746 163 837 254 929 367 979 500 979 633 979 746 933 838 837 929 746 975 633 975 500 975 367 929 254 838 162M808 192C892 279 933 379 933 500 933 621 892 725 808 808 725 892 621 938 500 938 379 938 279 896 196 808 113 725 67 621 67 500 67 379 108 279 196 192 279 108 383 62 500 62 621 62 721 108 808 192M438 392V642L642 517 438 392Z\"><\/path><\/svg>\t\t\t\t\t\t<\/div>\n\t\t\t\t\t\t\t\t\t<\/div>\n\t\t\t\t\t<\/div>\n\t\t\t\t\t\t<\/div>\n\t\t\t\t<\/div>\n\t\t\t\t<\/div>\n\t\t<div class=\"elementor-element elementor-element-faa1d7e e-con-full e-flex e-con e-child\" data-id=\"faa1d7e\" data-element_type=\"container\">\n\t\t\t\t<div class=\"elementor-element elementor-element-e018388 elementor-widget elementor-widget-heading\" data-id=\"e018388\" data-element_type=\"widget\" data-widget_type=\"heading.default\">\n\t\t\t\t<div class=\"elementor-widget-container\">\n\t\t\t\t\t<h2 class=\"elementor-heading-title elementor-size-default\">Exclusivo<\/h2>\t\t\t\t<\/div>\n\t\t\t\t<\/div>\n\t\t\t\t<div class=\"elementor-element elementor-element-7406974 elementor-widget elementor-widget-text-editor\" data-id=\"7406974\" data-element_type=\"widget\" data-widget_type=\"text-editor.default\">\n\t\t\t\t<div class=\"elementor-widget-container\">\n\t\t\t\t\t\t\t\t\t<p>Renowned as a French-Chilean host and celebrity stylist,<strong class=\"x-el x-el-span c1-1i c1-1j c1-b c1-96 c1-2w c1-97 c1-98\">\u00a0\u200b\u200b<\/strong>Fred Redondo embarks on an exciting Miami expedition to uncover the city&#8217;s concealed treasures. Guiding the audience on a captivating journey, he unveils remarkable and exclusive destinations, spanning from glamorous hotels and one-of-a-kind eateries to exotic spas and intriguing boutiques, each with its own captivating backstory. Through his exploration, he unveils the distinctive allure that each place holds.<\/p>\t\t\t\t\t\t\t\t<\/div>\n\t\t\t\t<\/div>\n\t\t\t\t<\/div>\n\t\t\t\t<\/div>\n\t\t<div class=\"elementor-element elementor-element-600594f e-con-full e-flex e-con e-child\" data-id=\"600594f\" data-element_type=\"container\">\n\t\t<div class=\"elementor-element elementor-element-a6692ef e-con-full e-flex e-con e-child\" data-id=\"a6692ef\" data-element_type=\"container\">\n\t\t\t\t<div class=\"elementor-element elementor-element-82ccae8 elementor-widget elementor-widget-video\" data-id=\"82ccae8\" data-element_type=\"widget\" data-settings=\"{&quot;youtube_url&quot;:&quot;https:\\\/\\\/youtu.be\\\/blDLtGl-AQQ&quot;,&quot;show_image_overlay&quot;:&quot;yes&quot;,&quot;image_overlay&quot;:{&quot;url&quot;:&quot;https:\\\/\\\/kontrolproductions.com\\\/wp-content\\\/uploads\\\/2025\\\/02\\\/rsw_814h_407cg_true.webp&quot;,&quot;id&quot;:30,&quot;size&quot;:&quot;&quot;,&quot;alt&quot;:&quot;&quot;,&quot;source&quot;:&quot;library&quot;},&quot;video_type&quot;:&quot;youtube&quot;,&quot;controls&quot;:&quot;yes&quot;}\" data-widget_type=\"video.default\">\n\t\t\t\t<div class=\"elementor-widget-container\">\n\t\t\t\t\t\t\t<div class=\"elementor-wrapper elementor-open-inline\">\n\t\t\t<div class=\"elementor-video\"><\/div>\t\t\t\t<div class=\"elementor-custom-embed-image-overlay\" style=\"background-image: url(https:\/\/kontrolproductions.com\/wp-content\/uploads\/2025\/02\/rsw_814h_407cg_true.webp);\">\n\t\t\t\t\t\t\t\t\t\t\t\t\t\t\t\t<div class=\"elementor-custom-embed-play\" role=\"button\" aria-label=\"Play Video\" tabindex=\"0\">\n\t\t\t\t\t\t\t<svg aria-hidden=\"true\" class=\"e-font-icon-svg e-eicon-play\" viewBox=\"0 0 1000 1000\" xmlns=\"http:\/\/www.w3.org\/2000\/svg\"><path d=\"M838 162C746 71 633 25 500 25 371 25 258 71 163 162 71 254 25 367 25 500 25 633 71 746 163 837 254 929 367 979 500 979 633 979 746 933 838 837 929 746 975 633 975 500 975 367 929 254 838 162M808 192C892 279 933 379 933 500 933 621 892 725 808 808 725 892 621 938 500 938 379 938 279 896 196 808 113 725 67 621 67 500 67 379 108 279 196 192 279 108 383 62 500 62 621 62 721 108 808 192M438 392V642L642 517 438 392Z\"><\/path><\/svg>\t\t\t\t\t\t<\/div>\n\t\t\t\t\t\t\t\t\t<\/div>\n\t\t\t\t\t<\/div>\n\t\t\t\t\t\t<\/div>\n\t\t\t\t<\/div>\n\t\t\t\t<\/div>\n\t\t<div class=\"elementor-element elementor-element-33c62c2 e-con-full e-flex e-con e-child\" data-id=\"33c62c2\" data-element_type=\"container\">\n\t\t\t\t<div class=\"elementor-element elementor-element-7ccd5d9 elementor-widget elementor-widget-heading\" data-id=\"7ccd5d9\" data-element_type=\"widget\" data-widget_type=\"heading.default\">\n\t\t\t\t<div class=\"elementor-widget-container\">\n\t\t\t\t\t<h2 class=\"elementor-heading-title elementor-size-default\">En casa con Ang\u00e9lica<\/h2>\t\t\t\t<\/div>\n\t\t\t\t<\/div>\n\t\t\t\t<div class=\"elementor-element elementor-element-b6714ff elementor-widget elementor-widget-text-editor\" data-id=\"b6714ff\" data-element_type=\"widget\" data-widget_type=\"text-editor.default\">\n\t\t\t\t<div class=\"elementor-widget-container\">\n\t\t\t\t\t\t\t\t\t<p>En Casa con Ang\u00e9lica presents a television format guided by Chilean presenter Ang\u00e9lica Castro. In this engaging show, Ang\u00e9lica caters to the female audience by demonstrating the art of achieving professional makeup, curating stylish ensembles, crafting quick and budget-friendly recipes, and even imparting dance skills. The show&#8217;s highlights encompass special segments that spotlight various celebrities weekly. These guests collaborate with the host to whip up one of their cherished dishes, providing an intimate glimpse into their culinary preferences.<\/p>\t\t\t\t\t\t\t\t<\/div>\n\t\t\t\t<\/div>\n\t\t\t\t<\/div>\n\t\t\t\t<\/div>\n\t\t<div class=\"elementor-element elementor-element-bf9571c e-con-full e-flex e-con e-child\" data-id=\"bf9571c\" data-element_type=\"container\">\n\t\t\t\t<\/div>\n\t\t\t\t\t<\/div>\n\t\t\t\t<\/div>\n\t\t<div class=\"elementor-element elementor-element-cad5f3c e-flex e-con-boxed e-con e-parent\" data-id=\"cad5f3c\" data-element_type=\"container\">\n\t\t\t\t\t<div class=\"e-con-inner\">\n\t\t\t\t\t<\/div>\n\t\t\t\t<\/div>\n\t\t<div class=\"elementor-element elementor-element-086d7cb e-flex e-con-boxed e-con e-parent\" data-id=\"086d7cb\" data-element_type=\"container\">\n\t\t\t\t\t<div class=\"e-con-inner\">\n\t\t\t\t\t<\/div>\n\t\t\t\t<\/div>\n\t\t\t\t<\/div>\n\t\t","protected":false},"excerpt":{"rendered":"<p>FORMATS Mujeres Podcast Three friends, endless laughs, and real talk\u2014that\u2019s the vibe of this podcast. Every episode, a woman guest brings a problem she can\u2019t figure out. The hosts dive in with honest advice, teasing, and bold opinions. It\u2019s like a girls\u2019 night in, where doubts get aired and stories get shared. A podcast about [&hellip;]<\/p>\n","protected":false},"author":1,"featured_media":0,"parent":0,"menu_order":0,"comment_status":"closed","ping_status":"closed","template":"","meta":{"footnotes":""},"class_list":["post-128","page","type-page","status-publish","hentry"],"_links":{"self":[{"href":"https:\/\/kontrolproductions.com\/index.php?rest_route=\/wp\/v2\/pages\/128","targetHints":{"allow":["GET"]}}],"collection":[{"href":"https:\/\/kontrolproductions.com\/index.php?rest_route=\/wp\/v2\/pages"}],"about":[{"href":"https:\/\/kontrolproductions.com\/index.php?rest_route=\/wp\/v2\/types\/page"}],"author":[{"embeddable":true,"href":"https:\/\/kontrolproductions.com\/index.php?rest_route=\/wp\/v2\/users\/1"}],"replies":[{"embeddable":true,"href":"https:\/\/kontrolproductions.com\/index.php?rest_route=%2Fwp%2Fv2%2Fcomments&post=128"}],"version-history":[{"count":220,"href":"https:\/\/kontrolproductions.com\/index.php?rest_route=\/wp\/v2\/pages\/128\/revisions"}],"predecessor-version":[{"id":1926,"href":"https:\/\/kontrolproductions.com\/index.php?rest_route=\/wp\/v2\/pages\/128\/revisions\/1926"}],"wp:attachment":[{"href":"https:\/\/kontrolproductions.com\/index.php?rest_route=%2Fwp%2Fv2%2Fmedia&parent=128"}],"curies":[{"name":"wp","href":"https:\/\/api.w.org\/{rel}","templated":true}]}}